{"id":5049,"date":"2016-06-30T14:13:27","date_gmt":"2016-06-30T12:13:27","guid":{"rendered":"https:\/\/revistadinlemn.ro\/?page_id=5049"},"modified":"2016-09-02T08:03:28","modified_gmt":"2016-09-02T06:03:28","slug":"publicidade-do-evento-bifefe-sim-2016","status":"publish","type":"page","link":"https:\/\/revistadinlemn.ro\/pt\/publicitate-pentru-evenimentul-bife-sim-2016\/","title":{"rendered":"Publicidade BIFE-SIM 2016"},"content":{"rendered":"<p>Vino al\u0103turi de noi la BIFE-SIM 2016! Asigur\u0103-te c\u0103 <strong>participarea ta<\/strong> la acest eveniment <strong>va fi un succes<\/strong>! Prezint\u0103-\u021bi compania unei <strong>audien\u021be specializate<\/strong>! <strong>Anun\u021b\u0103 lansarea noilor colec\u021bii de mobilier<\/strong> aici, pe Revista din Lemn! Fii printre primii pentru a beneficia de un <strong>interviu distribuit live pe facebook \u0219i revistadinlemn.ro<\/strong> (ofert\u0103 limitat\u0103) \u00een timpul BIFE-SIM 2016!<\/p>\n<p>Vom putea oferi toate acestea deoarece, prin parteneriatul \u00eencheiat cu Romexpo, Revista din Lemn va beneficia la BIFE-SIM 2016 de un stand propriu, \u00een calitate de partener media. \u00cen timpul manifest\u0103rii, \u00een standul Revista din Lemn se vor organiza prezent\u0103ri speciale \u0219i dialoguri cu reprezentan\u021bi ai firmelor participante. Totul va fi organizat ca un spa\u021biu deschis pentru networking, comunicare \u0219i informare.<\/p>\n<p>Pentru oferta complet\u0103 \u0219i pre\u021burile aferente v\u0103 rug\u0103m s\u0103 completa\u021bi formularul de mai jos.<br \/>\nV\u0103 mul\u021bumim c\u0103 sunte\u021bi al\u0103turi de noi.<\/p>\n[activecampaign form=13]\n","protected":false},"excerpt":{"rendered":"<p>Vino al\u0103turi de noi la BIFE-SIM 2016! Asigur\u0103-te c\u0103 participarea ta la acest eveniment va fi un succes! Prezint\u0103-\u021bi compania unei audien\u021be specializate! Anun\u021b\u0103 lansarea noilor colec\u021bii de mobilier aici, pe Revista din Lemn! Fii printre primii pentru a beneficia de un interviu distribuit live pe facebook \u0219i revistadinlemn.ro (ofert\u0103 limitat\u0103) \u00een timpul BIFE-SIM 2016! [&hellip;]<\/p>\n","protected":false},"author":3,"featured_media":0,"parent":0,"menu_order":0,"comment_status":"closed","ping_status":"closed","template":"","meta":{"_seopress_robots_primary_cat":"","_seopress_titles_title":"","_seopress_titles_desc":"","_seopress_robots_index":"","footnotes":""},"class_list":["post-5049","page","type-page","status-publish","hentry"],"_links":{"self":[{"href":"https:\/\/revistadinlemn.ro\/pt\/wp-json\/wp\/v2\/pages\/5049","targetHints":{"allow":["GET"]}}],"collection":[{"href":"https:\/\/revistadinlemn.ro\/pt\/wp-json\/wp\/v2\/pages"}],"about":[{"href":"https:\/\/revistadinlemn.ro\/pt\/wp-json\/wp\/v2\/types\/page"}],"author":[{"embeddable":true,"href":"https:\/\/revistadinlemn.ro\/pt\/wp-json\/wp\/v2\/users\/3"}],"replies":[{"embeddable":true,"href":"https:\/\/revistadinlemn.ro\/pt\/wp-json\/wp\/v2\/comments?post=5049"}],"version-history":[{"count":17,"href":"https:\/\/revistadinlemn.ro\/pt\/wp-json\/wp\/v2\/pages\/5049\/revisions"}],"predecessor-version":[{"id":6651,"href":"https:\/\/revistadinlemn.ro\/pt\/wp-json\/wp\/v2\/pages\/5049\/revisions\/6651"}],"wp:attachment":[{"href":"https:\/\/revistadinlemn.ro\/pt\/wp-json\/wp\/v2\/media?parent=5049"}],"curies":[{"name":"wp","href":"https:\/\/api.w.org\/{rel}","templated":true}]}}